{"id":5877,"date":"2024-02-29T18:20:35","date_gmt":"2024-02-29T18:20:35","guid":{"rendered":"https:\/\/afielektrik.com\/?post_type=product&#038;p=5877"},"modified":"2024-03-12T15:48:01","modified_gmt":"2024-03-12T15:48:01","slug":"apparatus","status":"publish","type":"product","link":"https:\/\/afielektrik.com\/en\/urun\/apparatus\/","title":{"rendered":"Apparatus"},"content":{"rendered":"<table border=\"0\" cellspacing=\"0\" cellpadding=\"0\">\n<tbody>\n<tr>\n<td>Katalog No<\/td>\n<td>Tan\u0131m<\/td>\n<td><\/td>\n<td><\/td>\n<\/tr>\n<tr>\n<td>5000432-030<\/td>\n<td>\u0130kili Toprakl\u0131 Priz, 5205 serisi \u00e7er\u00e7evelere montaja uygun<\/td>\n<td>\u00c7izim<\/td>\n<td>Katalog Sayfas\u0131<\/td>\n<\/tr>\n<tr>\n<td>50000468-037<\/td>\n<td>\u0130kili UPS Prizi, 5205 serisi \u00e7er\u00e7evelere montaja uygun<\/td>\n<td>\u00c7izim<\/td>\n<td>Katalog Sayfas\u0131<\/td>\n<\/tr>\n<tr>\n<td>K01\/9<\/td>\n<td>Toprakl\u0131 Priz, 45x45mm, 500012088 adapt\u00f6r ile 5205 serisi \u00e7er\u00e7evelere montaja uygun<\/td>\n<td>\u00c7izim<\/td>\n<td>Katalog Sayfas\u0131<\/td>\n<\/tr>\n<tr>\n<td>K02\/6<\/td>\n<td>UPS Prizi, 45x45mm, 500012088 adapt\u00f6r ile 5205 serisi \u00e7er\u00e7evelere montaja uygun<\/td>\n<td>\u00c7izim<\/td>\n<td>Katalog Sayfas\u0131<\/td>\n<\/tr>\n<tr>\n<td>K301<\/td>\n<td>Vavyen Anahtar, 16A\/250V, 45x45mm, 500012088 adapt\u00f6r ile 5205 serisi \u00e7er\u00e7evelere montaja uygun<\/td>\n<td>\u00c7izim<\/td>\n<td>Katalog Sayfas\u0131<\/td>\n<\/tr>\n<tr>\n<td>K110\/9<\/td>\n<td>Anahtar Kapa\u011f\u0131, 1 adet 45&#215;45 Anahtar i\u00e7in<\/td>\n<td>\u00c7izim<\/td>\n<td>Katalog Sayfas\u0131<\/td>\n<\/tr>\n<tr>\n<td>K96F\/9<\/td>\n<td>RJ45 Data Prizi, Category6 FTP, 45x45mm, 500012088 adapt\u00f6r ile 5205 serisi \u00e7er\u00e7evelere montaja uygun<\/td>\n<td>\u00c7izim<\/td>\n<td>Katalog Sayfas\u0131<\/td>\n<\/tr>\n<tr>\n<td>50000089-030<\/td>\n<td>Data Priz Kapa\u011f\u0131, Bo\u015f, 2 adet RJ45 data\/ses konnekt\u00f6r i\u00e7in, 45x45mm, 500012088 adapt\u00f6r ile 5205 serisi \u00e7er\u00e7evelere montaja uygun<\/td>\n<td>\u00c7izim<\/td>\n<td>Katalog Sayfas\u0131<\/td>\n<\/tr>\n<\/tbody>\n<\/table>\n<p><img fetchpriority=\"high\" decoding=\"async\" class=\"alignnone size-full wp-image-5210\" src=\"https:\/\/afielektrik.com\/wp-content\/uploads\/2024\/02\/Ekran-goruntusu-2024-02-29-211840.png\" alt=\"\" width=\"845\" height=\"739\" srcset=\"https:\/\/afielektrik.com\/wp-content\/uploads\/2024\/02\/Ekran-goruntusu-2024-02-29-211840.png 845w, https:\/\/afielektrik.com\/wp-content\/uploads\/2024\/02\/Ekran-goruntusu-2024-02-29-211840-300x262.png 300w, https:\/\/afielektrik.com\/wp-content\/uploads\/2024\/02\/Ekran-goruntusu-2024-02-29-211840-768x672.png 768w, https:\/\/afielektrik.com\/wp-content\/uploads\/2024\/02\/Ekran-goruntusu-2024-02-29-211840-600x525.png 600w\" sizes=\"(max-width: 845px) 100vw, 845px\" \/><\/p>\n\n    <div class=\"xs_social_share_widget xs_share_url after_content \t\tmain_content  wslu-style-1 wslu-share-box-shaped wslu-fill-colored wslu-none wslu-share-horizontal wslu-theme-font-no wslu-main_content\">\n\n\t\t\n        <ul>\n\t\t\t        <\/ul>\n    <\/div> \n","protected":false},"excerpt":{"rendered":"<p>Katalog No Tan\u0131m 5000432-030 \u0130kili Toprakl\u0131 Priz, 5205 serisi \u00e7er\u00e7evelere montaja uygun \u00c7izim Katalog Sayfas\u0131 50000468-037 \u0130kili UPS Prizi, 5205 serisi \u00e7er\u00e7evelere montaja uygun \u00c7izim Katalog Sayfas\u0131 K01\/9 Toprakl\u0131 Priz, 45x45mm, 500012088 adapt\u00f6r ile 5205 serisi \u00e7er\u00e7evelere montaja uygun \u00c7izim Katalog Sayfas\u0131 K02\/6 UPS Prizi, 45x45mm, 500012088 adapt\u00f6r ile 5205<\/p>\n","protected":false},"featured_media":5777,"template":"","meta":{"inline_featured_image":false},"product_brand":[],"product_cat":[81],"product_tag":[],"class_list":{"0":"post-5877","1":"product","2":"type-product","3":"status-publish","4":"has-post-thumbnail","6":"product_cat-key-socket-data-solutions","8":"first","9":"instock","10":"taxable","11":"shipping-taxable","12":"product-type-simple"},"_links":{"self":[{"href":"https:\/\/afielektrik.com\/en\/wp-json\/wp\/v2\/product\/5877","targetHints":{"allow":["GET"]}}],"collection":[{"href":"https:\/\/afielektrik.com\/en\/wp-json\/wp\/v2\/product"}],"about":[{"href":"https:\/\/afielektrik.com\/en\/wp-json\/wp\/v2\/types\/product"}],"wp:featuredmedia":[{"embeddable":true,"href":"https:\/\/afielektrik.com\/en\/wp-json\/wp\/v2\/media\/5777"}],"wp:attachment":[{"href":"https:\/\/afielektrik.com\/en\/wp-json\/wp\/v2\/media?parent=5877"}],"wp:term":[{"taxonomy":"product_brand","embeddable":true,"href":"https:\/\/afielektrik.com\/en\/wp-json\/wp\/v2\/product_brand?post=5877"},{"taxonomy":"product_cat","embeddable":true,"href":"https:\/\/afielektrik.com\/en\/wp-json\/wp\/v2\/product_cat?post=5877"},{"taxonomy":"product_tag","embeddable":true,"href":"https:\/\/afielektrik.com\/en\/wp-json\/wp\/v2\/product_tag?post=5877"}],"curies":[{"name":"wp","href":"https:\/\/api.w.org\/{rel}","templated":true}]}}