{"id":5895,"date":"2024-02-29T16:57:16","date_gmt":"2024-02-29T16:57:16","guid":{"rendered":"https:\/\/afielektrik.com\/?post_type=product&#038;p=5895"},"modified":"2024-03-12T21:11:27","modified_gmt":"2024-03-12T21:11:27","slug":"wing-push-mount","status":"publish","type":"product","link":"https:\/\/afielektrik.com\/en\/urun\/wing-push-mount\/","title":{"rendered":"Wing Push Mount"},"content":{"rendered":"<p>\u00a4 Raw material: NYLON 6.6 (\u00a4 \u00a0 Hammadde : NYLON 6.6 (UL 94 V-2)<br \/>\n\u00a4 \u00a0 \u00c7al\u0131\u015fma S\u0131cakl\u0131\u011f\u0131 : -40 \u00b0C ila +85 \u00b0C<br \/>\n\u00a4 \u00a0 Petrol \u00fcr\u00fcnlerine, organik asitlere ve greslere m\u00fckemmel diren\u00e7lidir.<br \/>\n\u00a4 \u00a0 RoHS Direktifine uygun imal edilmi\u015ftir.<\/p>\n<p>\u00a4 \u00a0 0,5 mm&#8217;den 2,5 mm kal\u0131nl\u0131\u011fa kadar saca, al\u00fcminyum, plastik, ah\u015fap levhalara a\u00e7\u0131lacak \u00d8 6,4 mm<br \/>\ndeli\u011fe itilerek kolayca tespit edilir.<br \/>\n\u00a4 \u00a0 Kro\u015fenin i\u00e7inden uygun endeki kablo ba\u011f\u0131 ge\u00e7irilir ve kablo demeti sabitlenir.<\/p>\n<p>\u00a4 \u00a0 Renk : Nat\u00fcrel ve siyah<\/p>\n<p>L94 V-2)<br \/>\n\u00a4 Working Temperature: -40 \u00b0 C to +85 \u00b0 C<br \/>\n\u00a4 Resistant to petroleum products, organic acids and greases.<br \/>\n\u00a4 It is produced in accordance with the RoHS Directive and does not contain halogen.<\/p>\n<p>\u00a4 From the top buttons, the twist is locked and unlocked, can be used repeatedly.<br \/>\n\u00a4 Used for temporary grouping of cube bundles.<br \/>\n\u00a4 It is also preferred in permanent groupings as it allows the attachment of assembly connections.<br \/>\n\u00a4 Color: Natural, other colors can be produced upon request.<\/p>\n<p>&nbsp;<\/p>\n<table width=\"448\">\n<tbody>\n<tr>\n<td width=\"64\">Catalog Number<\/td>\n<td width=\"64\">a (mm)<\/td>\n<td width=\"64\">b (mm)<\/td>\n<td width=\"64\">Hole Dia.(mm)<\/td>\n<td width=\"64\">Max.Cable Tie Width (mm)<\/td>\n<td width=\"64\">Pack Contains Each<\/td>\n<td width=\"64\">Box Contains Each<\/td>\n<\/tr>\n<tr>\n<td>EK.04.1004<\/td>\n<td>17.8<\/td>\n<td>16.3<\/td>\n<td>\u2205 6<\/td>\n<td>4.8<\/td>\n<td>500<\/td>\n<td>40000<\/td>\n<\/tr>\n<\/tbody>\n<\/table>\n\n    <div class=\"xs_social_share_widget xs_share_url after_content \t\tmain_content  wslu-style-1 wslu-share-box-shaped wslu-fill-colored wslu-none wslu-share-horizontal wslu-theme-font-no wslu-main_content\">\n\n\t\t\n        <ul>\n\t\t\t        <\/ul>\n    <\/div> \n","protected":false},"excerpt":{"rendered":"<p>\u00a4 Raw material: NYLON 6.6 (\u00a4 \u00a0 Hammadde : NYLON 6.6 (UL 94 V-2) \u00a4 \u00a0 \u00c7al\u0131\u015fma S\u0131cakl\u0131\u011f\u0131 : -40 \u00b0C ila +85 \u00b0C \u00a4 \u00a0 Petrol \u00fcr\u00fcnlerine, organik asitlere ve greslere m\u00fckemmel diren\u00e7lidir. \u00a4 \u00a0 RoHS Direktifine uygun imal edilmi\u015ftir. \u00a4 \u00a0 0,5 mm&#8217;den 2,5 mm kal\u0131nl\u0131\u011fa kadar saca,<\/p>\n","protected":false},"featured_media":5752,"template":"","meta":{"inline_featured_image":false},"product_brand":[],"product_cat":[],"product_tag":[],"class_list":{"0":"post-5895","1":"product","2":"type-product","3":"status-publish","4":"has-post-thumbnail","7":"first","8":"instock","9":"taxable","10":"shipping-taxable","11":"product-type-simple"},"_links":{"self":[{"href":"https:\/\/afielektrik.com\/en\/wp-json\/wp\/v2\/product\/5895","targetHints":{"allow":["GET"]}}],"collection":[{"href":"https:\/\/afielektrik.com\/en\/wp-json\/wp\/v2\/product"}],"about":[{"href":"https:\/\/afielektrik.com\/en\/wp-json\/wp\/v2\/types\/product"}],"wp:featuredmedia":[{"embeddable":true,"href":"https:\/\/afielektrik.com\/en\/wp-json\/wp\/v2\/media\/5752"}],"wp:attachment":[{"href":"https:\/\/afielektrik.com\/en\/wp-json\/wp\/v2\/media?parent=5895"}],"wp:term":[{"taxonomy":"product_brand","embeddable":true,"href":"https:\/\/afielektrik.com\/en\/wp-json\/wp\/v2\/product_brand?post=5895"},{"taxonomy":"product_cat","embeddable":true,"href":"https:\/\/afielektrik.com\/en\/wp-json\/wp\/v2\/product_cat?post=5895"},{"taxonomy":"product_tag","embeddable":true,"href":"https:\/\/afielektrik.com\/en\/wp-json\/wp\/v2\/product_tag?post=5895"}],"curies":[{"name":"wp","href":"https:\/\/api.w.org\/{rel}","templated":true}]}}