{"id":5956,"date":"2024-02-28T18:28:30","date_gmt":"2024-02-28T18:28:30","guid":{"rendered":"https:\/\/afielektrik.com\/?post_type=product&#038;p=5956"},"modified":"2024-03-14T08:40:03","modified_gmt":"2024-03-14T08:40:03","slug":"plastic-cable-glands","status":"publish","type":"product","link":"https:\/\/afielektrik.com\/en\/urun\/plastic-cable-glands\/","title":{"rendered":"Plastic Cable Glands"},"content":{"rendered":"<div><strong>Product info:<\/strong><\/div>\n<div>\u2022\u00a0Polyamide cable glands with lamellar clamping<\/div>\n<div>\u2022 Industrial Standard Glands with Thread, Polyamide<\/div>\n<div>\u2022 NPT, PG and Gas Threads are available. Please specify.<\/div>\n<div>\u2022 Easy assembly: install cable gland &#8211; insert cable &#8211; tighten cap.<\/div>\n<div>\u2022 High quality strain relief and sealing, reliable performance for standard industrial applications.<\/div>\n<div>\u2022\u00a0<strong>Colors Available:<\/strong>\u00a0<strong>\u00a0<\/strong>RAL 5015 (blue),\u00a0RAL 9003 (white),\u00a0RAL 3020(red), RAL 7001 grey and RAL 9005 black.<\/div>\n<div><strong>Material:<\/strong><\/div>\n<div>Body\u00a0PA 6(Polyamide 6)<\/div>\n<div>Cap\u00a0\u00a0PA 6(Polyamide 6)<\/div>\n<div>Seal\u00a0\u00a0CR(Chloroprene Rubber)<\/div>\n<div><strong>Flammability:<\/strong>\u00a0V2\u00a0(acc. to UL94)<\/div>\n<div><strong>Protection Class:<\/strong>\u00a0IP 68-5 Bar,30 min IP66<\/div>\n<div><strong>Operating Temperature:<\/strong><\/div>\n<div>Permanent -20 \u00b0C to +100 \u00b0C<\/div>\n<div>Intermittend -30 \u00b0C to +150 \u00b0C<\/div>\n<p><img fetchpriority=\"high\" decoding=\"async\" class=\"size-full wp-image-5042 aligncenter\" src=\"https:\/\/afielektrik.com\/wp-content\/uploads\/2024\/02\/indir-4.png\" alt=\"\" width=\"457\" height=\"241\" srcset=\"https:\/\/afielektrik.com\/wp-content\/uploads\/2024\/02\/indir-4.png 457w, https:\/\/afielektrik.com\/wp-content\/uploads\/2024\/02\/indir-4-300x158.png 300w\" sizes=\"(max-width: 457px) 100vw, 457px\" \/><\/p>\n<table border=\"0\" cellspacing=\"0\" cellpadding=\"0\">\n<tbody>\n<tr>\n<td><\/td>\n<td><strong>Clamping Range\u00a0<\/strong><\/td>\n<td><strong>TL<\/strong><\/td>\n<td><strong>TD\u00a0<\/strong><\/td>\n<td><strong>SW Cap<\/strong><\/td>\n<td><strong>SW Body<\/strong><\/td>\n<td><strong>D\u00a0<\/strong><\/td>\n<td><strong>max.H<\/strong><\/td>\n<td><\/td>\n<\/tr>\n<tr>\n<td><strong>Size<\/strong><\/td>\n<td><strong>\u00d8min-max mm<\/strong><\/td>\n<td><strong>\u00a0mm<\/strong><\/td>\n<td><strong>mm<\/strong><\/td>\n<td><strong>\u00a0mm<\/strong><\/td>\n<td><strong>\u00a0mm<\/strong><\/td>\n<td><strong>mm<\/strong><\/td>\n<td><strong>\u00a0mm<\/strong><\/td>\n<td><strong>Part No.<\/strong><\/td>\n<\/tr>\n<tr>\n<td>M12x1.5<\/td>\n<td>2.0 &#8211; 5.0<\/td>\n<td>8<\/td>\n<td>12<\/td>\n<td>15<\/td>\n<td>15<\/td>\n<td>16,9<\/td>\n<td>23<\/td>\n<td>BI-1S<\/td>\n<\/tr>\n<tr>\n<td>M12x1.5<\/td>\n<td>2.0 &#8211; 5.0<\/td>\n<td>10<\/td>\n<td>12<\/td>\n<td>15<\/td>\n<td>15<\/td>\n<td>16,9<\/td>\n<td>23<\/td>\n<td>BM-EN-1SMR<\/td>\n<\/tr>\n<tr>\n<td>M12x1.5<\/td>\n<td>2.0 &#8211; 5.0<\/td>\n<td>15<\/td>\n<td>12<\/td>\n<td>15<\/td>\n<td>15<\/td>\n<td>16,9<\/td>\n<td>23<\/td>\n<td>BM-EN-1SRL<\/td>\n<\/tr>\n<tr>\n<td>M12x1.5<\/td>\n<td>3.0 &#8211; 6.5<\/td>\n<td>8<\/td>\n<td>12<\/td>\n<td>15<\/td>\n<td>15<\/td>\n<td>16,9<\/td>\n<td>23<\/td>\n<td>BM-1S<\/td>\n<\/tr>\n<tr>\n<td>M12x1.5<\/td>\n<td>3.0 &#8211; 6.5<\/td>\n<td>10<\/td>\n<td>12<\/td>\n<td>15<\/td>\n<td>15<\/td>\n<td>16,9<\/td>\n<td>23<\/td>\n<td>BM-EN-1SM<\/td>\n<\/tr>\n<tr>\n<td>M12x1.5<\/td>\n<td>3.0 &#8211; 6.5<\/td>\n<td>15<\/td>\n<td>12<\/td>\n<td>15<\/td>\n<td>15<\/td>\n<td>16,9<\/td>\n<td>23<\/td>\n<td>BM-EN-1SL<\/td>\n<\/tr>\n<tr>\n<td>M16x1.5<\/td>\n<td>2.0 &#8211; 6.0<\/td>\n<td>8<\/td>\n<td>16<\/td>\n<td>19<\/td>\n<td>19<\/td>\n<td>21,9<\/td>\n<td>26,5<\/td>\n<td>BM-EN-11R<\/td>\n<\/tr>\n<tr>\n<td>M16x1.5<\/td>\n<td>2.0 &#8211; 6.0<\/td>\n<td>10<\/td>\n<td>16<\/td>\n<td>19<\/td>\n<td>19<\/td>\n<td>21,9<\/td>\n<td>26,5<\/td>\n<td>BM-EN-11MR<\/td>\n<\/tr>\n<tr>\n<td>M16x1.5<\/td>\n<td>2.0 &#8211; 6.0<\/td>\n<td>15<\/td>\n<td>16<\/td>\n<td>19<\/td>\n<td>19<\/td>\n<td>21,9<\/td>\n<td>26,5<\/td>\n<td>BM-EN-11LR<\/td>\n<\/tr>\n<tr>\n<td>M16x1.5<\/td>\n<td>3.0 &#8211; 7.0<\/td>\n<td>10<\/td>\n<td>16<\/td>\n<td>22<\/td>\n<td>22<\/td>\n<td>25<\/td>\n<td>30<\/td>\n<td>BI-11<\/td>\n<\/tr>\n<tr>\n<td>M16x1.5<\/td>\n<td>3.0 &#8211; 7.0<\/td>\n<td>15<\/td>\n<td>16<\/td>\n<td>22<\/td>\n<td>22<\/td>\n<td>25<\/td>\n<td>30<\/td>\n<td>BI-11L<\/td>\n<\/tr>\n<tr>\n<td>M16x1.5<\/td>\n<td>4.0 &#8211; 8.0<\/td>\n<td>8<\/td>\n<td>16<\/td>\n<td>19<\/td>\n<td>19<\/td>\n<td>21,9<\/td>\n<td>26,5<\/td>\n<td>BM-EN-11<\/td>\n<\/tr>\n<tr>\n<td>M16x1.5<\/td>\n<td>4.0 &#8211; 8.0<\/td>\n<td>10<\/td>\n<td>16<\/td>\n<td>19<\/td>\n<td>19<\/td>\n<td>21,9<\/td>\n<td>26,5<\/td>\n<td>BM-EN-11M<\/td>\n<\/tr>\n<tr>\n<td>M16x1.5<\/td>\n<td>4.0 &#8211; 8.0<\/td>\n<td>15<\/td>\n<td>16<\/td>\n<td>19<\/td>\n<td>19<\/td>\n<td>21,9<\/td>\n<td>26,5<\/td>\n<td>BM-EN-11L<\/td>\n<\/tr>\n<tr>\n<td>M16x1.5<\/td>\n<td>5.0 &#8211; 10.0<\/td>\n<td>10<\/td>\n<td>16<\/td>\n<td>22<\/td>\n<td>22<\/td>\n<td>25<\/td>\n<td>30<\/td>\n<td>BM-11<\/td>\n<\/tr>\n<tr>\n<td>M16x1.5<\/td>\n<td>5.0 &#8211; 10.0<\/td>\n<td>15<\/td>\n<td>16<\/td>\n<td>22<\/td>\n<td>22<\/td>\n<td>25<\/td>\n<td>30<\/td>\n<td>BM-11L<\/td>\n<\/tr>\n<tr>\n<td>M20x1.5<\/td>\n<td>5.0 &#8211; 9.0<\/td>\n<td>10<\/td>\n<td>20<\/td>\n<td>24<\/td>\n<td>24<\/td>\n<td>27<\/td>\n<td>30<\/td>\n<td>BI-12<\/td>\n<\/tr>\n<tr>\n<td>M20x1.5<\/td>\n<td>5.0 &#8211; 9.0<\/td>\n<td>15<\/td>\n<td>20<\/td>\n<td>24<\/td>\n<td>24<\/td>\n<td>27<\/td>\n<td>30<\/td>\n<td>BI-12L<\/td>\n<\/tr>\n<tr>\n<td>M20x1.5<\/td>\n<td>6.0 &#8211; 12.0<\/td>\n<td>10<\/td>\n<td>20<\/td>\n<td>24<\/td>\n<td>24<\/td>\n<td>27<\/td>\n<td>30<\/td>\n<td>BM-12<\/td>\n<\/tr>\n<tr>\n<td>M20x1.5<\/td>\n<td>6.0 &#8211; 12.0<\/td>\n<td>15<\/td>\n<td>20<\/td>\n<td>24<\/td>\n<td>24<\/td>\n<td>27<\/td>\n<td>30<\/td>\n<td>BM-12L<\/td>\n<\/tr>\n<tr>\n<td>M20x1.5<\/td>\n<td>7.0 &#8211; 12.0<\/td>\n<td>10<\/td>\n<td>20<\/td>\n<td>27<\/td>\n<td>27<\/td>\n<td>31<\/td>\n<td>33,5<\/td>\n<td>BI-13<\/td>\n<\/tr>\n<tr>\n<td>M20x1.5<\/td>\n<td>7.0 &#8211; 12.0<\/td>\n<td>15<\/td>\n<td>20<\/td>\n<td>27<\/td>\n<td>27<\/td>\n<td>31<\/td>\n<td>33,5<\/td>\n<td>BI-14<\/td>\n<\/tr>\n<tr>\n<td>M20x1.5<\/td>\n<td>7.0 &#8211; 13.0<\/td>\n<td>10<\/td>\n<td>20<\/td>\n<td>25<\/td>\n<td>25<\/td>\n<td>27,5<\/td>\n<td>30,5<\/td>\n<td>BM-EN-12S<\/td>\n<\/tr>\n<tr>\n<td>M20x1.5<\/td>\n<td>10.0 &#8211; 14.0<\/td>\n<td>10<\/td>\n<td>20<\/td>\n<td>27<\/td>\n<td>27<\/td>\n<td>31<\/td>\n<td>33,5<\/td>\n<td>BM-13<\/td>\n<\/tr>\n<tr>\n<td>M20x1.5<\/td>\n<td>10.0 &#8211; 14.0<\/td>\n<td>15<\/td>\n<td>20<\/td>\n<td>27<\/td>\n<td>27<\/td>\n<td>31<\/td>\n<td>33,5<\/td>\n<td>BM-14<\/td>\n<\/tr>\n<tr>\n<td>M25x1.5<\/td>\n<td>9.0 &#8211; 13.0<\/td>\n<td>8<\/td>\n<td>25<\/td>\n<td>29<\/td>\n<td>29<\/td>\n<td>32,5<\/td>\n<td>36<\/td>\n<td>BM-EN-13R<\/td>\n<\/tr>\n<tr>\n<td>M25x1.5<\/td>\n<td>9.0 &#8211; 13.0<\/td>\n<td>15<\/td>\n<td>25<\/td>\n<td>29<\/td>\n<td>29<\/td>\n<td>32,5<\/td>\n<td>36<\/td>\n<td>BM-EN-13RL<\/td>\n<\/tr>\n<tr>\n<td>M25x1.5<\/td>\n<td>9.0 &#8211; 16.0<\/td>\n<td>10<\/td>\n<td>25<\/td>\n<td>33<\/td>\n<td>33<\/td>\n<td>38<\/td>\n<td>38<\/td>\n<td>BI-15<\/td>\n<\/tr>\n<tr>\n<td>M25x1.5<\/td>\n<td>9.0 &#8211; 16.0<\/td>\n<td>15<\/td>\n<td>25<\/td>\n<td>33<\/td>\n<td>33<\/td>\n<td>38<\/td>\n<td>38<\/td>\n<td>BI-16<\/td>\n<\/tr>\n<tr>\n<td>M25x1.5<\/td>\n<td>11.0 &#8211; 17.0<\/td>\n<td>8<\/td>\n<td>25<\/td>\n<td>29<\/td>\n<td>29<\/td>\n<td>32,5<\/td>\n<td>36<\/td>\n<td>BM-EN-13<\/td>\n<\/tr>\n<tr>\n<td>M25x1.5<\/td>\n<td>11.0 &#8211; 17.0<\/td>\n<td>15<\/td>\n<td>25<\/td>\n<td>29<\/td>\n<td>29<\/td>\n<td>32,5<\/td>\n<td>36<\/td>\n<td>BM-EN-13L<\/td>\n<\/tr>\n<tr>\n<td>M25x1.5<\/td>\n<td>13.0 &#8211; 18.0<\/td>\n<td>10<\/td>\n<td>25<\/td>\n<td>33<\/td>\n<td>33<\/td>\n<td>38<\/td>\n<td>38<\/td>\n<td>BM-15<\/td>\n<\/tr>\n<tr>\n<td>M25x1.5<\/td>\n<td>13.0 &#8211; 18.0<\/td>\n<td>15<\/td>\n<td>25<\/td>\n<td>33<\/td>\n<td>33<\/td>\n<td>38<\/td>\n<td>38<\/td>\n<td>BM-16<\/td>\n<\/tr>\n<tr>\n<td>M32x1.5<\/td>\n<td>11.0 &#8211; 15.0<\/td>\n<td>10<\/td>\n<td>32<\/td>\n<td>36<\/td>\n<td>36<\/td>\n<td>41<\/td>\n<td>42,5<\/td>\n<td>BM-EN-14R<\/td>\n<\/tr>\n<tr>\n<td>M32x1.5<\/td>\n<td>11.0 &#8211; 15.0<\/td>\n<td>15<\/td>\n<td>32<\/td>\n<td>36<\/td>\n<td>36<\/td>\n<td>41<\/td>\n<td>42,5<\/td>\n<td>BM-EN-14RL<\/td>\n<\/tr>\n<tr>\n<td>M32x1.5<\/td>\n<td>12.0 &#8211; 20.0<\/td>\n<td>15<\/td>\n<td>32<\/td>\n<td>42<\/td>\n<td>42<\/td>\n<td>47,3<\/td>\n<td>42<\/td>\n<td>BI-17<\/td>\n<\/tr>\n<tr>\n<td>M32x1.5<\/td>\n<td>15.0 &#8211; 21.0<\/td>\n<td>10<\/td>\n<td>32<\/td>\n<td>36<\/td>\n<td>36<\/td>\n<td>41<\/td>\n<td>42,5<\/td>\n<td>BM-EN-14<\/td>\n<\/tr>\n<tr>\n<td>M32x1.5<\/td>\n<td>15.0 &#8211; 21.0<\/td>\n<td>15<\/td>\n<td>32<\/td>\n<td>36<\/td>\n<td>36<\/td>\n<td>41<\/td>\n<td>42,5<\/td>\n<td>BM-EN-14L<\/td>\n<\/tr>\n<tr>\n<td>M32x1.5<\/td>\n<td>18.0 &#8211; 25.0<\/td>\n<td>15<\/td>\n<td>32<\/td>\n<td>42<\/td>\n<td>42<\/td>\n<td>47,3<\/td>\n<td>42<\/td>\n<td>BM-17<\/td>\n<\/tr>\n<tr>\n<td>M40x1.5<\/td>\n<td>16.0 &#8211; 23.0<\/td>\n<td>10<\/td>\n<td>40<\/td>\n<td>46<\/td>\n<td>46<\/td>\n<td>52,4<\/td>\n<td>47,5<\/td>\n<td>BM-EN-15R<\/td>\n<\/tr>\n<tr>\n<td>M40x1.5<\/td>\n<td>16.0 &#8211; 23.0<\/td>\n<td>15<\/td>\n<td>40<\/td>\n<td>46<\/td>\n<td>46<\/td>\n<td>52,4<\/td>\n<td>47,5<\/td>\n<td>BM-EN-15MR<\/td>\n<\/tr>\n<tr>\n<td>M40x1.5<\/td>\n<td>16.0 &#8211; 23.0<\/td>\n<td>18<\/td>\n<td>40<\/td>\n<td>46<\/td>\n<td>46<\/td>\n<td>52,4<\/td>\n<td>47,5<\/td>\n<td>BM-EN-15RL<\/td>\n<\/tr>\n<tr>\n<td>M40x1.5<\/td>\n<td>19.0 &#8211; 28.0<\/td>\n<td>10<\/td>\n<td>40<\/td>\n<td>46<\/td>\n<td>46<\/td>\n<td>52,4<\/td>\n<td>47,5<\/td>\n<td>BM-EN-15<\/td>\n<\/tr>\n<tr>\n<td>M40x1.5<\/td>\n<td>19.0 &#8211; 28.0<\/td>\n<td>15<\/td>\n<td>40<\/td>\n<td>46<\/td>\n<td>46<\/td>\n<td>52,4<\/td>\n<td>47,5<\/td>\n<td>BM-EN-15M<\/td>\n<\/tr>\n<tr>\n<td>M40x1.5<\/td>\n<td>19.0 &#8211; 28.0<\/td>\n<td>18<\/td>\n<td>40<\/td>\n<td>46<\/td>\n<td>46<\/td>\n<td>52,4<\/td>\n<td>47,5<\/td>\n<td>BM-EN-15L<\/td>\n<\/tr>\n<tr>\n<td>M40x1.5<\/td>\n<td>20.0 &#8211; 26.0<\/td>\n<td>18<\/td>\n<td>40<\/td>\n<td>53<\/td>\n<td>53<\/td>\n<td>60<\/td>\n<td>52<\/td>\n<td>BI-18<\/td>\n<\/tr>\n<tr>\n<td>M40x1.5<\/td>\n<td>22.0 &#8211; 32.0<\/td>\n<td>18<\/td>\n<td>40<\/td>\n<td>53<\/td>\n<td>53<\/td>\n<td>60<\/td>\n<td>52<\/td>\n<td>BM-18<\/td>\n<\/tr>\n<tr>\n<td>M50x1.5<\/td>\n<td>25.0 &#8211; 31.0<\/td>\n<td>18<\/td>\n<td>50<\/td>\n<td>60<\/td>\n<td>60<\/td>\n<td>67,8<\/td>\n<td>53,5<\/td>\n<td>BI-19<\/td>\n<\/tr>\n<tr>\n<td>M50x1.5<\/td>\n<td>30.0 &#8211; 38.0<\/td>\n<td>18<\/td>\n<td>50<\/td>\n<td>60<\/td>\n<td>60<\/td>\n<td>67,8<\/td>\n<td>53,5<\/td>\n<td>BM-19<\/td>\n<\/tr>\n<tr>\n<td>M63x1.5<\/td>\n<td>29.0 &#8211; 35.0<\/td>\n<td>18<\/td>\n<td>63<\/td>\n<td>65<\/td>\n<td>65<\/td>\n<td>72,9<\/td>\n<td>53<\/td>\n<td>BI-20<\/td>\n<\/tr>\n<tr>\n<td>M63x1.5<\/td>\n<td>34.0 &#8211; 44.0<\/td>\n<td>18<\/td>\n<td>63<\/td>\n<td>65<\/td>\n<td>65<\/td>\n<td>72,9<\/td>\n<td>53<\/td>\n<td>BM-20<\/td>\n<\/tr>\n<tr>\n<td colspan=\"9\"><strong>RAL 7035 grey is the standard color.<\/strong><\/td>\n<\/tr>\n<\/tbody>\n<\/table>\n<p>&nbsp;<\/p>\n<p><strong>Katalog sayfas\u0131 i\u00e7in\u00a0<em><a href=\"https:\/\/www.afielektrik.com\/images\/userfiles\/Electroline_Glands.pdf\" target=\"_blank\" rel=\"noopener\">t\u0131klay\u0131n\u0131z.<\/a><\/em><\/strong><\/p>\n<p>&nbsp;<\/p>\n\n    <div class=\"xs_social_share_widget xs_share_url after_content \t\tmain_content  wslu-style-1 wslu-share-box-shaped wslu-fill-colored wslu-none wslu-share-horizontal wslu-theme-font-no wslu-main_content\">\n\n\t\t\n        <ul>\n\t\t\t        <\/ul>\n    <\/div> \n","protected":false},"excerpt":{"rendered":"<p>Product info: \u2022\u00a0Polyamide cable glands with lamellar clamping \u2022 Industrial Standard Glands with Thread, Polyamide \u2022 NPT, PG and Gas Threads are available. Please specify. \u2022 Easy assembly: install cable gland &#8211; insert cable &#8211; tighten cap. \u2022 High quality strain relief and sealing, reliable performance for standard industrial applications.<\/p>\n","protected":false},"featured_media":5694,"template":"","meta":{"inline_featured_image":false},"product_brand":[],"product_cat":[102],"product_tag":[],"class_list":{"0":"post-5956","1":"product","2":"type-product","3":"status-publish","4":"has-post-thumbnail","6":"product_cat-standard-cable-glands","8":"first","9":"instock","10":"taxable","11":"shipping-taxable","12":"product-type-simple"},"_links":{"self":[{"href":"https:\/\/afielektrik.com\/en\/wp-json\/wp\/v2\/product\/5956","targetHints":{"allow":["GET"]}}],"collection":[{"href":"https:\/\/afielektrik.com\/en\/wp-json\/wp\/v2\/product"}],"about":[{"href":"https:\/\/afielektrik.com\/en\/wp-json\/wp\/v2\/types\/product"}],"wp:featuredmedia":[{"embeddable":true,"href":"https:\/\/afielektrik.com\/en\/wp-json\/wp\/v2\/media\/5694"}],"wp:attachment":[{"href":"https:\/\/afielektrik.com\/en\/wp-json\/wp\/v2\/media?parent=5956"}],"wp:term":[{"taxonomy":"product_brand","embeddable":true,"href":"https:\/\/afielektrik.com\/en\/wp-json\/wp\/v2\/product_brand?post=5956"},{"taxonomy":"product_cat","embeddable":true,"href":"https:\/\/afielektrik.com\/en\/wp-json\/wp\/v2\/product_cat?post=5956"},{"taxonomy":"product_tag","embeddable":true,"href":"https:\/\/afielektrik.com\/en\/wp-json\/wp\/v2\/product_tag?post=5956"}],"curies":[{"name":"wp","href":"https:\/\/api.w.org\/{rel}","templated":true}]}}