{"id":5978,"date":"2024-02-28T15:42:00","date_gmt":"2024-02-28T15:42:00","guid":{"rendered":"https:\/\/afielektrik.com\/?post_type=product&#038;p=5978"},"modified":"2024-03-14T20:26:44","modified_gmt":"2024-03-14T20:26:44","slug":"covers","status":"publish","type":"product","link":"https:\/\/afielektrik.com\/en\/urun\/covers\/","title":{"rendered":"Covers"},"content":{"rendered":"<p><strong>Use:<\/strong><br \/>\n\u2022\u00a0To cover conduit body openings.<\/p>\n<p><strong>Material\/Finish:<\/strong><br \/>\n\u2022\u00a0Stamped Steel Pre-Galvanized<br \/>\n\u2022\u00a0Stainless Steel Screws<\/p>\n<p>&nbsp;<\/p>\n<p><strong>Applicable Third Party Standards:<\/strong><br \/>\nUL Standard: 514A<br \/>\nCSA Standard: C22.2 No. 18<br \/>\nFed Spec: A-A-50563<br \/>\nNEMA: FB-1, FB-2.10<\/p>\n<table style=\"border-collapse: collapse; width: 192pt; box-sizing: border-box; border-spacing: 0px; font-variant-ligatures: normal; font-variant-caps: normal; orphans: 2; text-align: start; widows: 2; -webkit-text-stroke-width: 0px; text-decoration-thickness: initial; text-decoration-style: initial; text-decoration-color: initial;\" border=\"0\" width=\"256\" cellspacing=\"0\" cellpadding=\"0\">\n<tbody>\n<tr style=\"height: 14.4pt; box-sizing: border-box;\">\n<td class=\"xl65\" style=\"height: 14.4pt; width: 48pt; box-sizing: border-box;\" width=\"64\" height=\"19\">Catalog Number<\/td>\n<td class=\"xl65\" style=\"width: 48pt; box-sizing: border-box;\" width=\"64\">Trade Size (in)<\/td>\n<td class=\"xl65\" style=\"width: 48pt; box-sizing: border-box;\" width=\"64\">Unit Qty.<\/td>\n<td class=\"xl65\" style=\"width: 48pt; box-sizing: border-box;\" width=\"64\">Weight Lbs.Per 100<\/td>\n<\/tr>\n<tr style=\"height: 14.4pt; box-sizing: border-box;\">\n<td class=\"xl65\" style=\"height: 14.4pt; box-sizing: border-box;\" height=\"19\">E-L 050 SC<\/td>\n<td class=\"xl65\" style=\"box-sizing: border-box;\">\u00bd&#8221;<\/td>\n<td class=\"xl65\" style=\"box-sizing: border-box;\">50<\/td>\n<td class=\"xl65\" style=\"box-sizing: border-box;\">5<\/td>\n<\/tr>\n<tr style=\"height: 14.4pt; box-sizing: border-box;\">\n<td class=\"xl65\" style=\"height: 14.4pt; box-sizing: border-box;\" height=\"19\">E-L 075 SC<\/td>\n<td class=\"xl65\" style=\"box-sizing: border-box;\">\u00be&#8221;<\/td>\n<td class=\"xl65\" style=\"box-sizing: border-box;\">50<\/td>\n<td class=\"xl65\" style=\"box-sizing: border-box;\">6<\/td>\n<\/tr>\n<tr style=\"height: 14.4pt; box-sizing: border-box;\">\n<td class=\"xl65\" style=\"height: 14.4pt; box-sizing: border-box;\" height=\"19\">E-L 100 SC<\/td>\n<td class=\"xl65\" style=\"box-sizing: border-box;\">1&#8221;<\/td>\n<td class=\"xl65\" style=\"box-sizing: border-box;\">50<\/td>\n<td class=\"xl65\" style=\"box-sizing: border-box;\">7<\/td>\n<\/tr>\n<tr style=\"height: 14.4pt; box-sizing: border-box;\">\n<td class=\"xl65\" style=\"height: 14.4pt; box-sizing: border-box;\" height=\"19\">E-L 125 SC<\/td>\n<td class=\"xl65\" style=\"box-sizing: border-box;\">1 \u00bc&#8221;<\/td>\n<td class=\"xl65\" style=\"box-sizing: border-box;\">50<\/td>\n<td class=\"xl65\" style=\"box-sizing: border-box;\">15<\/td>\n<\/tr>\n<tr style=\"height: 14.4pt; box-sizing: border-box;\">\n<td class=\"xl65\" style=\"height: 14.4pt; box-sizing: border-box;\" height=\"19\">E-L 150 SC<\/td>\n<td class=\"xl65\" style=\"box-sizing: border-box;\">1 \u00bd&#8221;<\/td>\n<td class=\"xl65\" style=\"box-sizing: border-box;\">50<\/td>\n<td class=\"xl65\" style=\"box-sizing: border-box;\">15<\/td>\n<\/tr>\n<tr style=\"height: 14.4pt; box-sizing: border-box;\">\n<td class=\"xl65\" style=\"height: 14.4pt; box-sizing: border-box;\" height=\"19\">E-L 200 SC<\/td>\n<td class=\"xl65\" style=\"box-sizing: border-box;\">2&#8221;<\/td>\n<td class=\"xl65\" style=\"box-sizing: border-box;\">25<\/td>\n<td class=\"xl65\" style=\"box-sizing: border-box;\">24<\/td>\n<\/tr>\n<tr style=\"height: 14.4pt; box-sizing: border-box;\">\n<td class=\"xl65\" style=\"height: 14.4pt; box-sizing: border-box;\" height=\"19\">E-L 250 SC<\/td>\n<td class=\"xl65\" style=\"box-sizing: border-box;\">2 \u00bd&#8221;<\/td>\n<td class=\"xl65\" style=\"box-sizing: border-box;\">10<\/td>\n<td class=\"xl65\" style=\"box-sizing: border-box;\">24<\/td>\n<\/tr>\n<tr style=\"height: 14.4pt; box-sizing: border-box;\">\n<td class=\"xl65\" style=\"height: 14.4pt; box-sizing: border-box;\" height=\"19\">E-L 300 SC<\/td>\n<td class=\"xl65\" style=\"box-sizing: border-box;\">3&#8221;<\/td>\n<td class=\"xl65\" style=\"box-sizing: border-box;\">10<\/td>\n<td class=\"xl65\" style=\"box-sizing: border-box;\">78<\/td>\n<\/tr>\n<tr style=\"height: 14.4pt; box-sizing: border-box;\">\n<td class=\"xl65\" style=\"height: 14.4pt; box-sizing: border-box;\" height=\"19\">E-L 350 SC<\/td>\n<td class=\"xl65\" style=\"box-sizing: border-box;\">3 \u00bd&#8221;<\/td>\n<td class=\"xl65\" style=\"box-sizing: border-box;\">10<\/td>\n<td class=\"xl65\" style=\"box-sizing: border-box;\">78<\/td>\n<\/tr>\n<tr style=\"height: 14.4pt; box-sizing: border-box;\">\n<td class=\"xl65\" style=\"height: 14.4pt; box-sizing: border-box;\" height=\"19\">E-L 400 SC<\/td>\n<td class=\"xl65\" style=\"box-sizing: border-box;\">4&#8221;<\/td>\n<td class=\"xl65\" style=\"box-sizing: border-box;\">10<\/td>\n<td class=\"xl65\" style=\"box-sizing: border-box;\">140<\/td>\n<\/tr>\n<\/tbody>\n<\/table>\n<p>Katalog sayfas\u0131 i\u00e7in<a href=\"https:\/\/www.afielektrik.com\/images\/userfiles\/EMT%20D%C4%B0RSEK.pdf\" target=\"_blank\" rel=\"noopener\">\u00a0<\/a><em><strong><a href=\"https:\/\/afielektrik.com\/wp-content\/uploads\/2024\/03\/kondulet-buatlar.pdf\" target=\"_blank\" rel=\"noopener\">t\u0131klay\u0131n\u0131z.<\/a><\/strong><\/em><\/p>\n\n    <div class=\"xs_social_share_widget xs_share_url after_content \t\tmain_content  wslu-style-1 wslu-share-box-shaped wslu-fill-colored wslu-none wslu-share-horizontal wslu-theme-font-no wslu-main_content\">\n\n\t\t\n        <ul>\n\t\t\t        <\/ul>\n    <\/div> \n","protected":false},"excerpt":{"rendered":"<p>Use: \u2022\u00a0To cover conduit body openings. Material\/Finish: \u2022\u00a0Stamped Steel Pre-Galvanized \u2022\u00a0Stainless Steel Screws &nbsp; Applicable Third Party Standards: UL Standard: 514A CSA Standard: C22.2 No. 18 Fed Spec: A-A-50563 NEMA: FB-1, FB-2.10 Catalog Number Trade Size (in) Unit Qty. Weight Lbs.Per 100 E-L 050 SC \u00bd&#8221; 50 5 E-L 075<\/p>\n","protected":false},"featured_media":5670,"template":"","meta":{"inline_featured_image":false},"product_brand":[],"product_cat":[109],"product_tag":[],"class_list":{"0":"post-5978","1":"product","2":"type-product","3":"status-publish","4":"has-post-thumbnail","6":"product_cat-conduit-bodies","8":"first","9":"instock","10":"taxable","11":"shipping-taxable","12":"product-type-simple"},"_links":{"self":[{"href":"https:\/\/afielektrik.com\/en\/wp-json\/wp\/v2\/product\/5978","targetHints":{"allow":["GET"]}}],"collection":[{"href":"https:\/\/afielektrik.com\/en\/wp-json\/wp\/v2\/product"}],"about":[{"href":"https:\/\/afielektrik.com\/en\/wp-json\/wp\/v2\/types\/product"}],"wp:featuredmedia":[{"embeddable":true,"href":"https:\/\/afielektrik.com\/en\/wp-json\/wp\/v2\/media\/5670"}],"wp:attachment":[{"href":"https:\/\/afielektrik.com\/en\/wp-json\/wp\/v2\/media?parent=5978"}],"wp:term":[{"taxonomy":"product_brand","embeddable":true,"href":"https:\/\/afielektrik.com\/en\/wp-json\/wp\/v2\/product_brand?post=5978"},{"taxonomy":"product_cat","embeddable":true,"href":"https:\/\/afielektrik.com\/en\/wp-json\/wp\/v2\/product_cat?post=5978"},{"taxonomy":"product_tag","embeddable":true,"href":"https:\/\/afielektrik.com\/en\/wp-json\/wp\/v2\/product_tag?post=5978"}],"curies":[{"name":"wp","href":"https:\/\/api.w.org\/{rel}","templated":true}]}}