{"id":6019,"date":"2024-02-25T21:21:09","date_gmt":"2024-02-25T21:21:09","guid":{"rendered":"https:\/\/afielektrik.com\/?post_type=product&#038;p=6019"},"modified":"2024-03-14T14:47:49","modified_gmt":"2024-03-14T14:47:49","slug":"device-covers","status":"publish","type":"product","link":"https:\/\/afielektrik.com\/en\/urun\/device-covers\/","title":{"rendered":"Device Covers"},"content":{"rendered":"<table border=\"0\" cellspacing=\"0\" cellpadding=\"0\">\n<tbody>\n<tr>\n<td colspan=\"4\"><strong>4&#8243; Square Device Covers, Surface<\/strong><\/td>\n<\/tr>\n<tr>\n<td colspan=\"4\">Surface covers are used to support switches or receptacles where the box is surface<\/td>\n<\/tr>\n<tr>\n<td colspan=\"4\">mounted or positioned in exposed work applications.<\/td>\n<\/tr>\n<tr>\n<td colspan=\"4\">Heavy-duty, zinc-plated, pre-coated, 0.062 in. thick pre-galvanized steel construction<\/td>\n<\/tr>\n<tr>\n<td colspan=\"4\">Electroline\u00ae surface covers include required hardware for mounting the devices.<\/td>\n<\/tr>\n<tr>\n<td><strong>Catalog Number<\/strong><\/td>\n<td><strong>Description<\/strong><\/td>\n<td><strong>Unit Qty.<\/strong><\/td>\n<td><strong>Weight Lbs. \/ 100\u00a0<\/strong><\/td>\n<\/tr>\n<tr>\n<td>EL-504<\/td>\n<td>(1) Toggle Switch &amp; (1) Single Receptacle 1.406&#8243; diameter<\/td>\n<td>50<\/td>\n<td>31<\/td>\n<\/tr>\n<tr>\n<td>EL-506<\/td>\n<td>(1) Toggle Switch &amp; (1) Duplex Receptacle<\/td>\n<td>50<\/td>\n<td>31<\/td>\n<\/tr>\n<tr>\n<td>EL-507<\/td>\n<td>(1) 20A Twist Lock Single Receptacle 1.594&#8243; diameter<\/td>\n<td>50<\/td>\n<td>37<\/td>\n<\/tr>\n<tr>\n<td>EL-508<\/td>\n<td>(2) Toggle Switches<\/td>\n<td>50<\/td>\n<td>35<\/td>\n<\/tr>\n<tr>\n<td>EL-509<\/td>\n<td>(1) 60A Twist-Lock Single Receptacle 2.438&#8243; diameter<\/td>\n<td>50<\/td>\n<td>23<\/td>\n<\/tr>\n<tr>\n<td>EL-510<\/td>\n<td>(2) Duplex Receptacles<\/td>\n<td>50<\/td>\n<td>26<\/td>\n<\/tr>\n<tr>\n<td>EL-511<\/td>\n<td>(2) GFCI Receptacles \/ Decorative Switches<\/td>\n<td>50<\/td>\n<td>26<\/td>\n<\/tr>\n<tr>\n<td>EL-512<\/td>\n<td>(1) Toggle Switch<\/td>\n<td>50<\/td>\n<td>35<\/td>\n<\/tr>\n<tr>\n<td>EL-513<\/td>\n<td>(1) GFCI Receptacle \/ Decorative Switch<\/td>\n<td>50<\/td>\n<td>31<\/td>\n<\/tr>\n<tr>\n<td>EL-514<\/td>\n<td>(1) Single Receptacle 1.406&#8243; diameter<\/td>\n<td>50<\/td>\n<td>34<\/td>\n<\/tr>\n<tr>\n<td>EL-515<\/td>\n<td>(1) Toggle Switch &amp; (1) GFCI Receptacle<\/td>\n<td>50<\/td>\n<td>31<\/td>\n<\/tr>\n<tr>\n<td>EL-516<\/td>\n<td>(1) Duplex Receptacle<\/td>\n<td>50<\/td>\n<td>31<\/td>\n<\/tr>\n<tr>\n<td>EL-517<\/td>\n<td>(1) Duplex Receptacle &amp; (1) GFCI Receptacle<\/td>\n<td>25<\/td>\n<td>31<\/td>\n<\/tr>\n<tr>\n<td>EL-519<\/td>\n<td>(1) 60A Twist-Lock Single Receptacle 1.719&#8243; diameter<\/td>\n<td>25<\/td>\n<td>37<\/td>\n<\/tr>\n<\/tbody>\n<\/table>\n<p>&nbsp;<\/p>\n<table border=\"0\" cellspacing=\"0\" cellpadding=\"0\">\n<tbody>\n<tr>\n<td colspan=\"4\">&nbsp;<\/p>\n<p><strong>Utility Box Device Covers<\/strong><\/td>\n<\/tr>\n<tr>\n<td colspan=\"4\">Utility box covers are used as single gang wall plates<\/td>\n<\/tr>\n<tr>\n<td colspan=\"4\">Heavy-duty, zinc-plated, pre-coated, 0.062 in. thick pre-galvanized steel construction<\/td>\n<\/tr>\n<tr>\n<td colspan=\"4\">All Electroline\u00ae utility box covers have captive screws.<\/td>\n<\/tr>\n<tr>\n<td><strong>Catalog Number<\/strong><\/td>\n<td><strong>Description<\/strong><\/td>\n<td><strong>Unit Qty.<\/strong><\/td>\n<td><strong>Weight Lbs. \/ 100\u00a0<\/strong><\/td>\n<\/tr>\n<tr>\n<td>EL-610<\/td>\n<td>(1) 20A Twist Lock Single Receptacle 1.594&#8243; diameter<\/td>\n<td>100<\/td>\n<td>9<\/td>\n<\/tr>\n<tr>\n<td>EL-612<\/td>\n<td>(1) Single Receptacle 1.406&#8243; diameter<\/td>\n<td>100<\/td>\n<td>9<\/td>\n<\/tr>\n<tr>\n<td>EL-613<\/td>\n<td>(1) GFCI Receptacle \/ Decorative Switch<\/td>\n<td>100<\/td>\n<td>7<\/td>\n<\/tr>\n<tr>\n<td>EL-616<\/td>\n<td>(1) Duplex Receptacle<\/td>\n<td>100<\/td>\n<td>8<\/td>\n<\/tr>\n<tr>\n<td>EL-618<\/td>\n<td>(1) Toggle Switch<\/td>\n<td>100<\/td>\n<td>10<\/td>\n<\/tr>\n<\/tbody>\n<\/table>\n<p>&nbsp;<\/p>\n<p><strong>Click\u00a0<\/strong><a href=\"https:\/\/www.afielektrik.com\/images\/userfiles\/STEEL%20BOXES%20AND%20COVERS%20(1).pdf\" target=\"_blank\" rel=\"noopener\"><em><strong>here<\/strong><\/em><\/a><strong><a href=\"https:\/\/www.afielektrik.com\/images\/userfiles\/Fittings%20for%20Armored%20Cable%20(BX)%20and%20Flexible%20Metal%20Conduit%20(FMC).pdf\" target=\"_blank\" rel=\"noopener\">\u00a0<\/a>to download the pdf catalog.<\/strong><\/p>\n<p>&nbsp;<\/p>\n<p>Katalog sayfas\u0131 i\u00e7in<a href=\"https:\/\/www.afielektrik.com\/images\/userfiles\/EMT%20D%C4%B0RSEK.pdf\" target=\"_blank\" rel=\"noopener\">\u00a0<\/a><em><strong><a href=\"https:\/\/www.afielektrik.com\/images\/userfiles\/STEEL%20BOXES%20AND%20COVERS%20(1).pdf\" target=\"_blank\" rel=\"noopener\">t\u0131klay\u0131n\u0131z.<\/a><\/strong><\/em><\/p>\n<p><img fetchpriority=\"high\" decoding=\"async\" class=\"aligncenter wp-image-4907 size-full\" src=\"https:\/\/afielektrik.com\/wp-content\/uploads\/2024\/02\/el-serisi.png\" alt=\"\" width=\"841\" height=\"739\" srcset=\"https:\/\/afielektrik.com\/wp-content\/uploads\/2024\/02\/el-serisi.png 841w, https:\/\/afielektrik.com\/wp-content\/uploads\/2024\/02\/el-serisi-300x264.png 300w, https:\/\/afielektrik.com\/wp-content\/uploads\/2024\/02\/el-serisi-768x675.png 768w, https:\/\/afielektrik.com\/wp-content\/uploads\/2024\/02\/el-serisi-600x527.png 600w\" sizes=\"(max-width: 841px) 100vw, 841px\" \/> <img decoding=\"async\" class=\"aligncenter wp-image-4908 size-full\" src=\"https:\/\/afielektrik.com\/wp-content\/uploads\/2024\/02\/el-2.png\" alt=\"\" width=\"847\" height=\"739\" srcset=\"https:\/\/afielektrik.com\/wp-content\/uploads\/2024\/02\/el-2.png 847w, https:\/\/afielektrik.com\/wp-content\/uploads\/2024\/02\/el-2-300x262.png 300w, https:\/\/afielektrik.com\/wp-content\/uploads\/2024\/02\/el-2-768x670.png 768w, https:\/\/afielektrik.com\/wp-content\/uploads\/2024\/02\/el-2-600x523.png 600w\" sizes=\"(max-width: 847px) 100vw, 847px\" \/> <img decoding=\"async\" class=\"aligncenter wp-image-4909 size-full\" src=\"https:\/\/afielektrik.com\/wp-content\/uploads\/2024\/02\/el-3.png\" alt=\"\" width=\"849\" height=\"248\" srcset=\"https:\/\/afielektrik.com\/wp-content\/uploads\/2024\/02\/el-3.png 849w, https:\/\/afielektrik.com\/wp-content\/uploads\/2024\/02\/el-3-300x88.png 300w, https:\/\/afielektrik.com\/wp-content\/uploads\/2024\/02\/el-3-768x224.png 768w, https:\/\/afielektrik.com\/wp-content\/uploads\/2024\/02\/el-3-600x175.png 600w\" sizes=\"(max-width: 849px) 100vw, 849px\" \/><\/p>\n\n    <div class=\"xs_social_share_widget xs_share_url after_content \t\tmain_content  wslu-style-1 wslu-share-box-shaped wslu-fill-colored wslu-none wslu-share-horizontal wslu-theme-font-no wslu-main_content\">\n\n\t\t\n        <ul>\n\t\t\t        <\/ul>\n    <\/div> \n","protected":false},"excerpt":{"rendered":"<p>4&#8243; Square Device Covers, Surface Surface covers are used to support switches or receptacles where the box is surface mounted or positioned in exposed work applications. Heavy-duty, zinc-plated, pre-coated, 0.062 in. thick pre-galvanized steel construction Electroline\u00ae surface covers include required hardware for mounting the devices. Catalog Number Description Unit Qty.<\/p>\n","protected":false},"featured_media":5621,"template":"","meta":{"inline_featured_image":false},"product_brand":[],"product_cat":[111],"product_tag":[],"class_list":{"0":"post-6019","1":"product","2":"type-product","3":"status-publish","4":"has-post-thumbnail","6":"product_cat-steel-covers","8":"first","9":"instock","10":"taxable","11":"shipping-taxable","12":"product-type-simple"},"_links":{"self":[{"href":"https:\/\/afielektrik.com\/en\/wp-json\/wp\/v2\/product\/6019","targetHints":{"allow":["GET"]}}],"collection":[{"href":"https:\/\/afielektrik.com\/en\/wp-json\/wp\/v2\/product"}],"about":[{"href":"https:\/\/afielektrik.com\/en\/wp-json\/wp\/v2\/types\/product"}],"wp:featuredmedia":[{"embeddable":true,"href":"https:\/\/afielektrik.com\/en\/wp-json\/wp\/v2\/media\/5621"}],"wp:attachment":[{"href":"https:\/\/afielektrik.com\/en\/wp-json\/wp\/v2\/media?parent=6019"}],"wp:term":[{"taxonomy":"product_brand","embeddable":true,"href":"https:\/\/afielektrik.com\/en\/wp-json\/wp\/v2\/product_brand?post=6019"},{"taxonomy":"product_cat","embeddable":true,"href":"https:\/\/afielektrik.com\/en\/wp-json\/wp\/v2\/product_cat?post=6019"},{"taxonomy":"product_tag","embeddable":true,"href":"https:\/\/afielektrik.com\/en\/wp-json\/wp\/v2\/product_tag?post=6019"}],"curies":[{"name":"wp","href":"https:\/\/api.w.org\/{rel}","templated":true}]}}