{"id":6084,"date":"2024-02-24T19:56:51","date_gmt":"2024-02-24T19:56:51","guid":{"rendered":"https:\/\/afielektrik.com\/?post_type=product&#038;p=6084"},"modified":"2024-04-02T20:12:28","modified_gmt":"2024-04-02T20:12:28","slug":"combination-couplings-emt-to-flex-screw-in-type","status":"publish","type":"product","link":"https:\/\/afielektrik.com\/en\/urun\/combination-couplings-emt-to-flex-screw-in-type\/","title":{"rendered":"Combination Couplings EMT To Flex, Screw-In Type"},"content":{"rendered":"<div>\n<div><strong>Use:<\/strong><\/div>\n<div>A combination coupling to pro vide a transition from EMT to flexible metal conduit.<\/div>\n<div><strong>Material\/Finish:\u00a0<\/strong>Zinc Die Cast<\/div>\n<div><strong>Applicable Third Party Standards:<\/strong><\/div>\n<div>UL Standard: 514B<\/div>\n<div>CSA Standard: C22.2 No. 18<\/div>\n<div>NEMA: FB-1<\/div>\n<div>Fed. Spec: W-F-406D, Type 4, Class 6<\/div>\n<table border=\"0\" cellspacing=\"0\" cellpadding=\"0\">\n<tbody>\n<tr>\n<td colspan=\"2\" rowspan=\"2\"><strong>Catalog Number<\/strong><\/td>\n<td colspan=\"2\" rowspan=\"2\"><strong>Trade Size (in)<\/strong><\/td>\n<td colspan=\"2\"><strong>Dimensions (in)<\/strong><\/td>\n<td colspan=\"3\" rowspan=\"2\"><strong>U.L File No.<\/strong><\/td>\n<\/tr>\n<tr>\n<td><strong>A<\/strong><\/td>\n<td><strong>B<\/strong><\/td>\n<\/tr>\n<tr>\n<td colspan=\"2\">E-L 49-1<\/td>\n<td colspan=\"2\">\u00bd&#8221;<\/td>\n<td>.84<\/td>\n<td>1.10<\/td>\n<td colspan=\"3\">E358457<\/td>\n<\/tr>\n<tr>\n<td colspan=\"2\">E-L 49-2<\/td>\n<td colspan=\"2\">\u00be&#8221;<\/td>\n<td>.95<\/td>\n<td>1.30<\/td>\n<td colspan=\"3\">E358457<\/td>\n<\/tr>\n<tr>\n<td colspan=\"2\">E-L 49-3<\/td>\n<td colspan=\"2\">1&#8221;<\/td>\n<td>1.11<\/td>\n<td>1.62<\/td>\n<td colspan=\"3\">E358457<\/td>\n<\/tr>\n<\/tbody>\n<\/table>\n<p>&nbsp;<\/p>\n<p>&nbsp;<\/p>\n<p>Katalog sayfas\u0131 i\u00e7in\u00a0<em><strong><a href=\"https:\/\/afielektrik.com\/wp-content\/uploads\/2024\/04\/emt-rigid-adaptor.pdf\" target=\"_blank\" rel=\"noopener\">t\u0131klay\u0131n\u0131z.<\/a><\/strong><\/em><\/p>\n<\/div>\n\n    <div class=\"xs_social_share_widget xs_share_url after_content \t\tmain_content  wslu-style-1 wslu-share-box-shaped wslu-fill-colored wslu-none wslu-share-horizontal wslu-theme-font-no wslu-main_content\">\n\n\t\t\n        <ul>\n\t\t\t        <\/ul>\n    <\/div> \n","protected":false},"excerpt":{"rendered":"<p>Use: A combination coupling to pro vide a transition from EMT to flexible metal conduit. Material\/Finish:\u00a0Zinc Die Cast Applicable Third Party Standards: UL Standard: 514B CSA Standard: C22.2 No. 18 NEMA: FB-1 Fed. Spec: W-F-406D, Type 4, Class 6 Catalog Number Trade Size (in) Dimensions (in) U.L File No. A<\/p>\n","protected":false},"featured_media":5561,"template":"","meta":{"inline_featured_image":false},"product_brand":[],"product_cat":[85],"product_tag":[],"class_list":{"0":"post-6084","1":"product","2":"type-product","3":"status-publish","4":"has-post-thumbnail","6":"product_cat-fittings-for-thinwall-conduit-e-m-t","8":"first","9":"instock","10":"taxable","11":"shipping-taxable","12":"product-type-simple"},"_links":{"self":[{"href":"https:\/\/afielektrik.com\/en\/wp-json\/wp\/v2\/product\/6084","targetHints":{"allow":["GET"]}}],"collection":[{"href":"https:\/\/afielektrik.com\/en\/wp-json\/wp\/v2\/product"}],"about":[{"href":"https:\/\/afielektrik.com\/en\/wp-json\/wp\/v2\/types\/product"}],"wp:featuredmedia":[{"embeddable":true,"href":"https:\/\/afielektrik.com\/en\/wp-json\/wp\/v2\/media\/5561"}],"wp:attachment":[{"href":"https:\/\/afielektrik.com\/en\/wp-json\/wp\/v2\/media?parent=6084"}],"wp:term":[{"taxonomy":"product_brand","embeddable":true,"href":"https:\/\/afielektrik.com\/en\/wp-json\/wp\/v2\/product_brand?post=6084"},{"taxonomy":"product_cat","embeddable":true,"href":"https:\/\/afielektrik.com\/en\/wp-json\/wp\/v2\/product_cat?post=6084"},{"taxonomy":"product_tag","embeddable":true,"href":"https:\/\/afielektrik.com\/en\/wp-json\/wp\/v2\/product_tag?post=6084"}],"curies":[{"name":"wp","href":"https:\/\/api.w.org\/{rel}","templated":true}]}}